{"id":110,"date":"2019-01-13T09:59:10","date_gmt":"2019-01-13T08:59:10","guid":{"rendered":"http:\/\/kubik-elektro.cz\/domains\/kubik-elektro.cz\/?page_id=110"},"modified":"2019-01-15T06:38:18","modified_gmt":"2019-01-15T05:38:18","slug":"kontakt","status":"publish","type":"page","link":"http:\/\/kubik-elektro.cz\/domains\/kubik-elektro.cz\/kontakt\/","title":{"rendered":"Kontakt"},"content":{"rendered":"\n<div class=\"wp-block-media-text\" style=\"grid-template-columns:9% auto\"><figure class=\"wp-block-media-text__media\"><img loading=\"lazy\" width=\"256\" height=\"256\" src=\"http:\/\/kubik-elektro.cz\/domains\/kubik-elektro.cz\/wp-content\/uploads\/2019\/01\/man-user.png\" alt=\"\" class=\"wp-image-113\" srcset=\"http:\/\/kubik-elektro.cz\/domains\/kubik-elektro.cz\/wp-content\/uploads\/2019\/01\/man-user.png 256w, http:\/\/kubik-elektro.cz\/domains\/kubik-elektro.cz\/wp-content\/uploads\/2019\/01\/man-user-150x150.png 150w, http:\/\/kubik-elektro.cz\/domains\/kubik-elektro.cz\/wp-content\/uploads\/2019\/01\/man-user-200x200.png 200w\" sizes=\"(max-width: 256px) 100vw, 256px\" \/><\/figure><div class=\"wp-block-media-text__content\">\n<p class=\"has-large-font-size\">Zden\u011bk Kub\u00edk<\/p>\n<\/div><\/div>\n\n\n\n<div class=\"wp-block-media-text\" style=\"grid-template-columns:10% auto\"><figure class=\"wp-block-media-text__media\"><img loading=\"lazy\" width=\"256\" height=\"256\" src=\"http:\/\/kubik-elektro.cz\/domains\/kubik-elektro.cz\/wp-content\/uploads\/2019\/01\/phone-call.png\" alt=\"\" class=\"wp-image-111\" srcset=\"http:\/\/kubik-elektro.cz\/domains\/kubik-elektro.cz\/wp-content\/uploads\/2019\/01\/phone-call.png 256w, http:\/\/kubik-elektro.cz\/domains\/kubik-elektro.cz\/wp-content\/uploads\/2019\/01\/phone-call-150x150.png 150w, http:\/\/kubik-elektro.cz\/domains\/kubik-elektro.cz\/wp-content\/uploads\/2019\/01\/phone-call-200x200.png 200w\" sizes=\"(max-width: 256px) 100vw, 256px\" \/><\/figure><div class=\"wp-block-media-text__content\">\n<p style=\"font-size:35px\">+420 606 442 270<\/p>\n<\/div><\/div>\n\n\n\n<div class=\"wp-block-media-text\" style=\"grid-template-columns:10% auto\"><figure class=\"wp-block-media-text__media\"><img loading=\"lazy\" width=\"240\" height=\"240\" src=\"http:\/\/kubik-elektro.cz\/domains\/kubik-elektro.cz\/wp-content\/uploads\/2019\/01\/at.png\" alt=\"\" class=\"wp-image-112\" srcset=\"http:\/\/kubik-elektro.cz\/domains\/kubik-elektro.cz\/wp-content\/uploads\/2019\/01\/at.png 240w, http:\/\/kubik-elektro.cz\/domains\/kubik-elektro.cz\/wp-content\/uploads\/2019\/01\/at-150x150.png 150w, http:\/\/kubik-elektro.cz\/domains\/kubik-elektro.cz\/wp-content\/uploads\/2019\/01\/at-200x200.png 200w\" sizes=\"(max-width: 240px) 100vw, 240px\" \/><\/figure><div class=\"wp-block-media-text__content\">\n<p style=\"font-size:35px\" class=\"has-text-color has-vivid-cyan-blue-color\"><a href=\"mailto:kubik-elektro@seznam.cz\">kubik-elektro@seznam.cz<\/a><\/p>\n<\/div><\/div>\n\n\n\n<div class=\"wp-block-media-text\" style=\"grid-template-columns:10% auto\"><figure class=\"wp-block-media-text__media\"><img loading=\"lazy\" width=\"256\" height=\"256\" src=\"http:\/\/kubik-elektro.cz\/domains\/kubik-elektro.cz\/wp-content\/uploads\/2019\/01\/address.png\" alt=\"\" class=\"wp-image-114\" srcset=\"http:\/\/kubik-elektro.cz\/domains\/kubik-elektro.cz\/wp-content\/uploads\/2019\/01\/address.png 256w, http:\/\/kubik-elektro.cz\/domains\/kubik-elektro.cz\/wp-content\/uploads\/2019\/01\/address-150x150.png 150w, http:\/\/kubik-elektro.cz\/domains\/kubik-elektro.cz\/wp-content\/uploads\/2019\/01\/address-200x200.png 200w\" sizes=\"(max-width: 256px) 100vw, 256px\" \/><\/figure><div class=\"wp-block-media-text__content\">\n<p class=\"has-large-font-size\">Ku\u0148ovice 13<\/p>\n\n\n\n<p>\u010cechtice 257 65<\/p>\n<\/div><\/div>\n","protected":false},"excerpt":{"rendered":"<p>Zden\u011bk Kub\u00edk +420 606 442 270 kubik-elektro@seznam.cz Ku\u0148ovice 13 \u010cechtice 257 65<\/p>\n","protected":false},"author":1,"featured_media":0,"parent":0,"menu_order":0,"comment_status":"closed","ping_status":"closed","template":"","meta":[],"_links":{"self":[{"href":"http:\/\/kubik-elektro.cz\/domains\/kubik-elektro.cz\/wp-json\/wp\/v2\/pages\/110"}],"collection":[{"href":"http:\/\/kubik-elektro.cz\/domains\/kubik-elektro.cz\/wp-json\/wp\/v2\/pages"}],"about":[{"href":"http:\/\/kubik-elektro.cz\/domains\/kubik-elektro.cz\/wp-json\/wp\/v2\/types\/page"}],"author":[{"embeddable":true,"href":"http:\/\/kubik-elektro.cz\/domains\/kubik-elektro.cz\/wp-json\/wp\/v2\/users\/1"}],"replies":[{"embeddable":true,"href":"http:\/\/kubik-elektro.cz\/domains\/kubik-elektro.cz\/wp-json\/wp\/v2\/comments?post=110"}],"version-history":[{"count":4,"href":"http:\/\/kubik-elektro.cz\/domains\/kubik-elektro.cz\/wp-json\/wp\/v2\/pages\/110\/revisions"}],"predecessor-version":[{"id":299,"href":"http:\/\/kubik-elektro.cz\/domains\/kubik-elektro.cz\/wp-json\/wp\/v2\/pages\/110\/revisions\/299"}],"wp:attachment":[{"href":"http:\/\/kubik-elektro.cz\/domains\/kubik-elektro.cz\/wp-json\/wp\/v2\/media?parent=110"}],"curies":[{"name":"wp","href":"https:\/\/api.w.org\/{rel}","templated":true}]}}