{"id":189,"date":"2019-01-13T16:54:54","date_gmt":"2019-01-13T15:54:54","guid":{"rendered":"http:\/\/kubik-elektro.cz\/domains\/kubik-elektro.cz\/?page_id=189"},"modified":"2020-05-19T14:51:41","modified_gmt":"2020-05-19T12:51:41","slug":"zajimavosti","status":"publish","type":"page","link":"http:\/\/kubik-elektro.cz\/domains\/kubik-elektro.cz\/zajimavosti\/","title":{"rendered":"Zaj\u00edmavosti"},"content":{"rendered":"\n<ul><li>Zaj\u00edmavosti z oboru elektro<\/li><li><\/li><\/ul>\n\n\n\n<figure class=\"wp-block-image size-large is-resized\"><img loading=\"lazy\" src=\"http:\/\/kubik-elektro.cz\/domains\/kubik-elektro.cz\/wp-content\/uploads\/2020\/05\/DSC01402-1024x599.jpg\" alt=\"\" class=\"wp-image-354\" width=\"475\" height=\"278\" srcset=\"http:\/\/kubik-elektro.cz\/domains\/kubik-elektro.cz\/wp-content\/uploads\/2020\/05\/DSC01402-1024x599.jpg 1024w, http:\/\/kubik-elektro.cz\/domains\/kubik-elektro.cz\/wp-content\/uploads\/2020\/05\/DSC01402-300x176.jpg 300w, http:\/\/kubik-elektro.cz\/domains\/kubik-elektro.cz\/wp-content\/uploads\/2020\/05\/DSC01402-768x449.jpg 768w, http:\/\/kubik-elektro.cz\/domains\/kubik-elektro.cz\/wp-content\/uploads\/2020\/05\/DSC01402-1536x899.jpg 1536w, http:\/\/kubik-elektro.cz\/domains\/kubik-elektro.cz\/wp-content\/uploads\/2020\/05\/DSC01402-2048x1198.jpg 2048w\" sizes=\"(max-width: 475px) 100vw, 475px\" \/><figcaption>Prodlu\u017eov\u00e1k t\u0159\u00eddy I &#8211; II  \u2026.  ATYP !?<br><br><br><\/figcaption><\/figure>\n\n\n\n<p><\/p>\n","protected":false},"excerpt":{"rendered":"<p>Zaj\u00edmavosti z oboru elektro<\/p>\n","protected":false},"author":1,"featured_media":0,"parent":0,"menu_order":0,"comment_status":"closed","ping_status":"closed","template":"","meta":[],"_links":{"self":[{"href":"http:\/\/kubik-elektro.cz\/domains\/kubik-elektro.cz\/wp-json\/wp\/v2\/pages\/189"}],"collection":[{"href":"http:\/\/kubik-elektro.cz\/domains\/kubik-elektro.cz\/wp-json\/wp\/v2\/pages"}],"about":[{"href":"http:\/\/kubik-elektro.cz\/domains\/kubik-elektro.cz\/wp-json\/wp\/v2\/types\/page"}],"author":[{"embeddable":true,"href":"http:\/\/kubik-elektro.cz\/domains\/kubik-elektro.cz\/wp-json\/wp\/v2\/users\/1"}],"replies":[{"embeddable":true,"href":"http:\/\/kubik-elektro.cz\/domains\/kubik-elektro.cz\/wp-json\/wp\/v2\/comments?post=189"}],"version-history":[{"count":2,"href":"http:\/\/kubik-elektro.cz\/domains\/kubik-elektro.cz\/wp-json\/wp\/v2\/pages\/189\/revisions"}],"predecessor-version":[{"id":355,"href":"http:\/\/kubik-elektro.cz\/domains\/kubik-elektro.cz\/wp-json\/wp\/v2\/pages\/189\/revisions\/355"}],"wp:attachment":[{"href":"http:\/\/kubik-elektro.cz\/domains\/kubik-elektro.cz\/wp-json\/wp\/v2\/media?parent=189"}],"curies":[{"name":"wp","href":"https:\/\/api.w.org\/{rel}","templated":true}]}}