{"id":58,"date":"2019-01-12T16:32:00","date_gmt":"2019-01-12T15:32:00","guid":{"rendered":"http:\/\/kubik-elektro.cz\/domains\/kubik-elektro.cz\/?page_id=58"},"modified":"2023-01-03T18:49:44","modified_gmt":"2023-01-03T17:49:44","slug":"revize","status":"publish","type":"page","link":"http:\/\/kubik-elektro.cz\/domains\/kubik-elektro.cz\/revize\/","title":{"rendered":"Revize"},"content":{"rendered":"\n<h6>Elektrick\u00fdch za\u0159\u00edzen\u00ed a hromosvod\u016f<\/h6>\n\n\n\n<p><strong>A) Objekty bez&nbsp;nebezpe\u010d\u00ed&nbsp;v\u00fdbuchu (objekty t\u0159\u00eddy A)<\/strong><br>a) Prostory se zdravotnick\u00fdmi pracovi\u0161ti, (t\u0159\u00edda A1)<br>b) Prostory se zv\u00fd\u0161en\u00fdm nebezpe\u010d\u00edm \u00farazu elekt\u0159inou, (t\u0159\u00edda A2)<br>c) Prostory kde se shroma\u017e\u010fuje v\u00edce ne\u017e 250 osob, (t\u0159\u00edda A3)<br>d) Zem\u011bd\u011blsk\u00e9 objekty, (t\u0159\u00edda A4)<br>e) Prostory staveni\u0161\u0165 a demolic, (t\u0159\u00edda A5)<br>f) Ostatn\u00ed prostory bl\u00ed\u017ee neur\u010den\u00e9, (t\u0159\u00edda A6)<\/p>\n\n\n\n<p><strong>B) Objekty s nebezpe\u010d\u00edm v\u00fdbuchu (objekty t\u0159\u00eddy B)<\/strong><br>a) Prostory s nebezpe\u010d\u00edm v\u00fdbuchu ho\u0159lav\u00fdch plyn\u016f a par, (t\u0159\u00edda B1)<br>b) Prostory s nebezpe\u010d\u00edm v\u00fdbuchu ho\u0159lav\u00fdch prach\u016f, (t\u0159\u00edda B2)<br>c) Prostory s nebezpe\u010d\u00edm v\u00fdbuchu v\u00fdbu\u0161nin (t\u0159\u00edda B3)<\/p>\n\n\n\n<!--nextpage-->\n\n\n\n<p>Elektrick\u00e9ho za\u0159\u00edzen\u00ed podle normy&nbsp;<em>\u010cSN 33 1500, \u010cSN 33 2000-6<\/em><\/p>\n\n\n\n<p>Elektrick\u00fdch spot\u0159ebi\u010d\u016f a ru\u010dn\u00edho n\u00e1\u0159ad\u00ed podle&nbsp;<em>\u010cSN 33 1600 ed.2<\/em>&nbsp;<strong>(revize v\u0161ech typ\u016f se zalo\u017een\u00edm karty a z\u00e1pisem na ni)<\/strong><\/p>\n\n\n\n<p>L\u00e9ka\u0159sk\u00fdch p\u0159\u00edstroj\u016f podle&nbsp;<em>\u010cSN EN 62 353<\/em><\/p>\n\n\n\n<p>Hromosvod\u016f podle&nbsp;<em>\u010cSN 34 1390 a \u010cSN EN 62 305 ed.2<\/em><\/p>\n\n\n\n<p>Elektrick\u00fdch stroj\u016f podle&nbsp;<em>\u010cSN EN 60204-1<\/em><\/p>\n\n\n\n<h6>Elektrick\u00fdch spot\u0159ebi\u010d\u016f<\/h6>\n\n\n\n<p>Lh\u016fty pravideln\u00fdch reviz\u00ed elektrick\u00fdch spot\u0159ebi\u010d\u016f ur\u010duje norma&nbsp;<em>\u010cSN 33 1610<\/em>. Lh\u016fta je z\u00e1visl\u00e1 na prost\u0159ed\u00ed, ve kter\u00e9m je spot\u0159ebi\u010d pou\u017e\u00edv\u00e1n, d\u00e1le na zp\u016fsobu pou\u017eit\u00ed (spot\u0159ebi\u010de dr\u017een\u00e9 v ruce, p\u0159enosn\u00e9 spot\u0159ebi\u010de, p\u0159ipevn\u011bn\u00e9 spot\u0159ebi\u010de) a na typu ochrany elektrick\u00e9ho spot\u0159ebi\u010de.<\/p>\n\n\n\n<p>Spot\u0159ebi\u010de dr\u017een\u00e9 v ruce &#8211; p\u0159i provozu se p\u0159\u00edmo dr\u017e\u00ed (elektrick\u00e9 ru\u010dn\u00ed n\u00e1\u0159ad\u00ed, elektrick\u00e9 spot\u0159ebi\u010de v kuchyni &#8211; mix\u00e9ry, \u017eehli\u010dky atd.)<\/p>\n\n\n\n<p>P\u0159enosn\u00e9 spot\u0159ebi\u010de &#8211; s odn\u00edmateln\u00fdm p\u0159\u00edvodem (mikrovlnn\u00e1 trouba, televize, audiotechnika, PC, chladni\u010dka atd.)<\/p>\n\n\n\n<p>P\u0159ipevn\u011bn\u00e9 spot\u0159ebi\u010de &#8211; p\u0159\u00edmo upevn\u011bn\u00e9 spot\u0159ebi\u010de (elektrick\u00fd kotel, pra\u010dka stroje v d\u00edln\u011b)<\/p>\n\n\n\n<p><strong>T\u0159\u00edda ochrany I &#8211;&nbsp;<\/strong>s ochrann\u00fdm kol\u00edkem (chladni\u010dka, stoln\u00ed PC, elektrick\u00e1 trouba)<\/p>\n\n\n\n<p><strong>T\u0159\u00edda ochrany II &#8211;&nbsp;<\/strong>s dvojitou izolac\u00ed (elektrick\u00e9 n\u00e1\u0159ad\u00ed, nab\u00edje\u010dky mobilu)<\/p>\n\n\n\n<p><strong>T\u0159\u00edda ochrany III &#8211;&nbsp;<\/strong>spot\u0159ebi\u010de na bezpe\u010dn\u00e9 nap\u011bt\u00ed (12 a\u017e 50V dle druhu prost\u0159ed\u00ed)<\/p>\n\n\n\n<h6>Ochrany p\u0159ed bleskem<\/h6>\n\n\n\n<p>Lh\u016fty reviz\u00ed za\u0159\u00edzen\u00ed ochrany p\u0159ed bleskem (d\u0159\u00edve hromosvody) ur\u010duje&nbsp;<em>\u010cSN EN 62305-3, p\u0159\u00edloha E, tabulka E.2.<\/em>, pro hromosvody, postaven\u00e9 p\u0159ed \u00fa\u010dinnost\u00ed t\u00e9to normy (1.11.2006) je pak ur\u010duje&nbsp;<em>\u010cSN 33 1500<\/em>.<\/p>\n\n\n\n<p><strong>Za\u0159\u00edzen\u00ed ochrany p\u0159ed bleskem se d\u011bl\u00ed na \u010dty\u0159i t\u0159\u00eddy (t\u0159\u00edda LPS) podle d\u016fle\u017eitosti objektu<\/strong><\/p>\n\n\n\n<p><strong>T\u0159\u00edda LPS I &#8211;&nbsp;<\/strong>banky, nemocnice, automobilky, vod\u00e1rny, elektr\u00e1rny<\/p>\n\n\n\n<p><strong>T\u0159\u00edda LPS II &#8211;&nbsp;<\/strong>\u0161koly, supermarkety, katedr\u00e1ly<\/p>\n\n\n\n<p><strong>T\u0159\u00edda LPS III &#8211;&nbsp;<\/strong>rodinn\u00e9 domy, zem\u011bd\u011blsk\u00e9 stavby<\/p>\n\n\n\n<h6>Elektroinstalac\u00ed<\/h6>\n\n\n\n<p><strong>Domovn\u00ed i pr\u016fmyslov\u00e9 elektroinstalace<\/strong><\/p>\n\n\n\n<p>Dle platn\u00fdch z\u00e1kon\u016f&nbsp;<em>(nap\u0159. Vyhl. 48\/82 Sb.)<\/em>&nbsp;mus\u00ed b\u00fdt elektrick\u00e9 za\u0159\u00edzen\u00ed p\u0159ed uveden\u00edm do provozu a po celou dobu jeho \u017eivotnosti pravideln\u011b podrobov\u00e1no reviz\u00edm \u00fadr\u017eb\u011b a oprav\u00e1m.<\/p>\n\n\n\n<p><strong>Lh\u016fty pravideln\u00fdch reviz\u00ed&nbsp;elektroinstalac\u00ed dle \u010cSN 33 1500<\/strong><\/p>\n\n\n\n<p>Revize elektro za\u0159\u00edzen\u00ed prov\u00e1d\u00edm p\u0159ev\u00e1\u017en\u011b v\u010detn\u011b drobn\u00fdch oprav jako je dota\u017een\u00ed spoj\u016f, vy\u010di\u0161t\u011bn\u00ed rozv\u00e1d\u011b\u010d\u016f, upevn\u011bn\u00ed uvoln\u011bn\u00fdch z\u00e1suvek a jejich dota\u017een\u00ed, dopln\u011bn\u00ed chyb\u011bj\u00edc\u00edch v\u00ed\u010dek na krabic\u00edch atd. tak, aby po n\u00e1s z\u016fstala ji\u017e hotov\u00e1 pr\u00e1ce a nemuseli jste sh\u00e1n\u011bt elektrik\u00e1\u0159e k odstran\u011bn\u00ed b\u011b\u017en\u00fdch z\u00e1vad. N\u00e1ro\u010dn\u011bj\u0161\u00ed z\u00e1le\u017eitosti jsem zvykl\u00fd \u0159e\u0161it po domluv\u011b.<\/p>\n\n\n\n<figure class=\"wp-block-table\"><table><tbody><tr><td><strong>Podle druhu prost\u0159ed\u00ed (\u010cSN 33 0300)<\/strong><\/td><td><strong>Revizn\u00ed lh\u016fty<br>v roc\u00edch<\/strong><\/td><\/tr><tr><td>norm\u00e1ln\u00ed, z\u00e1kladn\u00ed (v\u011bt\u0161ina kancel\u00e1\u0159\u00ed, byt\u016f a rodinn\u00fdch a bytov\u00fdch dom\u016f)<\/td><td>5<\/td><\/tr><tr><td>studen\u00e9, vlhk\u00e9, hork\u00e9,<br>pra\u0161n\u00e9 s&nbsp;prachem neho\u0159lav\u00fdm<\/td><td>3<\/td><\/tr><tr><td>mokr\u00e9, s extr\u00e9mn\u00ed korozn\u00ed agresivitou<\/td><td>1<\/td><\/tr><tr><td>se zv\u00fd\u0161enou korozn\u00ed agresivitou,<br>pra\u0161n\u00e9 s prachem neho\u0159lav\u00fdm<\/td><td>3<\/td><\/tr><tr><td>s ot\u0159esy, pasivn\u00ed s nebezpe\u010d\u00edm po\u017e\u00e1ru,<br>pasivn\u00ed s nebezpe\u010d\u00edm v\u00fdbuchu<\/td><td>2<\/td><\/tr><tr><td>venkovn\u00ed, pod p\u0159\u00edst\u0159e\u0161kem<\/td><td>4<\/td><\/tr><\/tbody><\/table><\/figure>\n\n\n\n<figure class=\"wp-block-table\"><table><tbody><tr><td><strong>Podle um\u00edst\u011bn\u00ed el. za\u0159\u00edzen\u00ed<\/strong><\/td><td><strong>Revizn\u00ed lh\u016fty<br>v roc\u00edch<\/strong><\/td><\/tr><tr><td>prostory ur\u010den\u00e9 k shroma\u017e\u010fov\u00e1n\u00ed v\u00edce ne\u017e 250 osob (sport. kult. za\u0159\u00edzen\u00ed&#8230;)<\/td><td>2<\/td><\/tr><tr><td>zd\u011bn\u00e9 obytn\u00e9 a kancel\u00e1\u0159sk\u00e9 budovy<strong>&nbsp;(v\u011bt\u0161ina kancel\u00e1\u0159\u00ed, byt\u016f, rodinn\u00fdch a bytov\u00fdch dom\u016f)<\/strong>&nbsp;***<\/td><td>5<\/td><\/tr><tr><td>rekrea\u010dn\u00ed st\u0159ediska, \u0161koly, mate\u0159sk\u00e9 \u0161koly, jesle, hotely<\/td><td>3<\/td><\/tr><tr><td>se zv\u00fd\u0161enou korozn\u00ed agresivitou,<br>pra\u0161n\u00e9 s prachem neho\u0159lav\u00fdm<\/td><td>3<\/td><\/tr><tr><td>poj\u00edzdn\u00e9 a p\u0159evozn\u00e9 prost\u0159edky<\/td><td>1<\/td><\/tr><tr><td>prozat\u00edmn\u00ed za\u0159\u00edzen\u00ed staveni\u0161t\u011b<\/td><td>0,5<\/td><\/tr><tr><td>v objektech postaven\u00fdch z ho\u0159lav\u00fdch hmot stupn\u011b ho\u0159lavosti C2 a C3<\/td><td>2<\/td><\/tr><\/tbody><\/table><\/figure>\n\n\n\n<div class=\"wp-block-media-text alignwide is-stacked-on-mobile\"><figure class=\"wp-block-media-text__media\"><\/figure><div class=\"wp-block-media-text__content\">\n<p class=\"has-text-align-left\"><strong><mark style=\"background-color:rgba(0, 0, 0, 0)\" class=\"has-inline-color has-vivid-red-color\">Pro\u010d prov\u00e1d\u011bt revize elektroza\u0159\u00edzen\u00ed ?<\/mark><\/strong><\/p>\n\n\n\n<ul><li>Hlavn\u00edm d\u016fvodem je&nbsp;<strong>bezpe\u010dnost<\/strong>&nbsp;a jistota provozovatele objektu i&nbsp;u\u017eivatel\u016f p\u0159i provozov\u00e1n\u00ed elektrick\u00fdch rozvod\u016f, elektroza\u0159\u00edzen\u00ed, hromosvod\u016f a elektrospot\u0159ebi\u010d\u016f<\/li><li>Posouzen\u00ed v\u00fdchoz\u00edho stavu elektroinstalac\u00ed, hromosvod\u016f, elektrospot\u0159ebi\u010d\u016f, ru\u010dn\u00edho elektrick\u00e9ho n\u00e1\u0159ad\u00ed, rozvad\u011b\u010d\u016f a stroj\u016f&nbsp;certifikovan\u00fdm dodavatelem revizn\u00edch prac\u00ed&nbsp;je uz\u00e1kon\u011bno z\u00e1konn\u00fdmi p\u0159edpisy&nbsp;\u2013 nap\u0159. z\u00e1kon\u00edkem pr\u00e1ce (z\u00e1kon \u010d. 174\/68 Sb., \u010d. 488\/2000&nbsp;Sb.)<\/li><li>Tak\u00e9&nbsp;<strong>pravideln\u00e9 revize elektro<\/strong>&nbsp;maj\u00ed sv\u00e9 z\u00e1konn\u00e9 ustanoven\u00ed&nbsp;\u2013 bez nich pozb\u00fdv\u00e1 po vypr\u0161en\u00ed v\u00fdchoz\u00ed revize jej\u00ed platnost<\/li><li>Neprov\u00e1d\u011bn\u00ed reviz\u00ed elektro&nbsp;je&nbsp;poru\u0161en\u00edm z\u00e1kona&nbsp;ze strany organizace provozuj\u00edc\u00ed za\u0159\u00edzen\u00ed \u010di instalaci a je citeln\u011b postihov\u00e1no inspektor\u00e1ty bezpe\u010dnosti pr\u00e1ce p\u0159i kontrol\u00e1ch \u010di vy\u0161et\u0159ov\u00e1n\u00ed pracovn\u00edch \u00faraz\u016f a majetkov\u00fdch&nbsp;\u0161kod<\/li><\/ul>\n\n\n\n<p><strong><span class=\"has-inline-color has-vivid-red-color\">Kdo m\u016f\u017ee prov\u00e1d\u011bt revize elektro ?<\/span><\/strong><\/p>\n\n\n\n<ul><li>Jedin\u011b&nbsp;<strong>revizn\u00ed technik elektrick\u00fdch za\u0159\u00edzen\u00ed<\/strong>&nbsp;s platn\u00fdm <strong>Osv\u011bd\u010den\u00edm<\/strong> dle \u00a7 9 vyhl. 50\/1978 <\/li><li>Pouze dodavatel (firma) vlastn\u00edc\u00ed platn\u00e9&nbsp;<strong>OPR\u00c1VN\u011aN\u00cd k&nbsp;reviz\u00edm&nbsp;p\u0159\u00edstroj\u016f, elektrospot\u0159ebi\u010d\u016f, hromosvod\u016f, stroj\u016f a elektroinstalac\u00ed&nbsp;dodavatelsk\u00fdm zp\u016fsobem&nbsp;k&nbsp;prov\u00e1d\u011bn\u00ed reviz<\/strong>\u00ed kter\u00e9 vyd\u00e1v\u00e1 <strong>Institut technick\u00e9 inspekce <\/strong>po spln\u011bn\u00ed mnoha organiza\u010dn\u00edch, technick\u00fdch, kvalifika\u010dn\u00edch krit\u00e9ri\u00ed ze strany dodavatele revizn\u00edch prac\u00ed<\/li><li>Ka\u017ed\u00fd objednatel revizn\u00edch prac\u00ed by m\u011bl ve vlastn\u00edm z\u00e1jmu&nbsp;<strong>po\u017eadovat p\u0159edlo\u017een\u00ed t\u011bchto dokument\u016f<\/strong>&nbsp;po dodavateli p\u0159ed uzav\u0159en\u00edm smlouvy o&nbsp;proveden\u00ed reviz\u00ed.<\/li><\/ul>\n\n\n\n<p><strong>!! Revizn\u00ed protokoly vystaven\u00e9 osobou nebo firmou bez t\u011bchto obou certifik\u00e1t\u016f jsou z&nbsp;pr\u00e1vn\u00edho hlediska NEPLATN\u00c9&nbsp;!<\/strong><\/p>\n<\/div><\/div>\n","protected":false},"excerpt":{"rendered":"<p>Elektrick\u00fdch za\u0159\u00edzen\u00ed a hromosvod\u016f A) Objekty bez&nbsp;nebezpe\u010d\u00ed&nbsp;v\u00fdbuchu (objekty t\u0159\u00eddy A)a) Prostory se zdravotnick\u00fdmi pracovi\u0161ti, (t\u0159\u00edda A1)b) Prostory se zv\u00fd\u0161en\u00fdm nebezpe\u010d\u00edm<\/p>\n","protected":false},"author":1,"featured_media":0,"parent":0,"menu_order":0,"comment_status":"closed","ping_status":"closed","template":"","meta":[],"_links":{"self":[{"href":"http:\/\/kubik-elektro.cz\/domains\/kubik-elektro.cz\/wp-json\/wp\/v2\/pages\/58"}],"collection":[{"href":"http:\/\/kubik-elektro.cz\/domains\/kubik-elektro.cz\/wp-json\/wp\/v2\/pages"}],"about":[{"href":"http:\/\/kubik-elektro.cz\/domains\/kubik-elektro.cz\/wp-json\/wp\/v2\/types\/page"}],"author":[{"embeddable":true,"href":"http:\/\/kubik-elektro.cz\/domains\/kubik-elektro.cz\/wp-json\/wp\/v2\/users\/1"}],"replies":[{"embeddable":true,"href":"http:\/\/kubik-elektro.cz\/domains\/kubik-elektro.cz\/wp-json\/wp\/v2\/comments?post=58"}],"version-history":[{"count":13,"href":"http:\/\/kubik-elektro.cz\/domains\/kubik-elektro.cz\/wp-json\/wp\/v2\/pages\/58\/revisions"}],"predecessor-version":[{"id":575,"href":"http:\/\/kubik-elektro.cz\/domains\/kubik-elektro.cz\/wp-json\/wp\/v2\/pages\/58\/revisions\/575"}],"wp:attachment":[{"href":"http:\/\/kubik-elektro.cz\/domains\/kubik-elektro.cz\/wp-json\/wp\/v2\/media?parent=58"}],"curies":[{"name":"wp","href":"https:\/\/api.w.org\/{rel}","templated":true}]}}