{"id":64,"date":"2019-01-12T16:35:16","date_gmt":"2019-01-12T15:35:16","guid":{"rendered":"http:\/\/kubik-elektro.cz\/domains\/kubik-elektro.cz\/?page_id=64"},"modified":"2023-01-13T06:22:00","modified_gmt":"2023-01-13T05:22:00","slug":"hromosvody","status":"publish","type":"page","link":"http:\/\/kubik-elektro.cz\/domains\/kubik-elektro.cz\/hromosvody\/","title":{"rendered":"Hromosvody"},"content":{"rendered":"\n<p>Prov\u00e1d\u00edme mont\u00e1\u017ee, opravy a revize hromosvod\u016f.<\/p>\n","protected":false},"excerpt":{"rendered":"<p>Prov\u00e1d\u00edme mont\u00e1\u017ee, opravy a revize hromosvod\u016f.<\/p>\n","protected":false},"author":1,"featured_media":0,"parent":0,"menu_order":0,"comment_status":"closed","ping_status":"closed","template":"","meta":[],"_links":{"self":[{"href":"http:\/\/kubik-elektro.cz\/domains\/kubik-elektro.cz\/wp-json\/wp\/v2\/pages\/64"}],"collection":[{"href":"http:\/\/kubik-elektro.cz\/domains\/kubik-elektro.cz\/wp-json\/wp\/v2\/pages"}],"about":[{"href":"http:\/\/kubik-elektro.cz\/domains\/kubik-elektro.cz\/wp-json\/wp\/v2\/types\/page"}],"author":[{"embeddable":true,"href":"http:\/\/kubik-elektro.cz\/domains\/kubik-elektro.cz\/wp-json\/wp\/v2\/users\/1"}],"replies":[{"embeddable":true,"href":"http:\/\/kubik-elektro.cz\/domains\/kubik-elektro.cz\/wp-json\/wp\/v2\/comments?post=64"}],"version-history":[{"count":2,"href":"http:\/\/kubik-elektro.cz\/domains\/kubik-elektro.cz\/wp-json\/wp\/v2\/pages\/64\/revisions"}],"predecessor-version":[{"id":599,"href":"http:\/\/kubik-elektro.cz\/domains\/kubik-elektro.cz\/wp-json\/wp\/v2\/pages\/64\/revisions\/599"}],"wp:attachment":[{"href":"http:\/\/kubik-elektro.cz\/domains\/kubik-elektro.cz\/wp-json\/wp\/v2\/media?parent=64"}],"curies":[{"name":"wp","href":"https:\/\/api.w.org\/{rel}","templated":true}]}}