{"id":81,"date":"2019-01-12T16:38:03","date_gmt":"2019-01-12T15:38:03","guid":{"rendered":"http:\/\/kubik-elektro.cz\/domains\/kubik-elektro.cz\/?page_id=81"},"modified":"2025-08-04T22:07:06","modified_gmt":"2025-08-04T20:07:06","slug":"pujcovna-naradi","status":"publish","type":"page","link":"http:\/\/kubik-elektro.cz\/domains\/kubik-elektro.cz\/pujcovna-naradi\/","title":{"rendered":"P\u016fj\u010dovna"},"content":{"rendered":"\n<p><strong>Nab\u00edz\u00edme k&nbsp;zap\u016fj\u010den\u00ed \u0161irok\u00fd v\u00fdb\u011br nejr\u016fzn\u011bj\u0161\u00edho profesion\u00e1ln\u00edho n\u00e1\u0159ad\u00ed<\/strong><\/p>\n\n\n\n<p class=\"has-small-font-size\" style=\"text-transform:capitalize\"><\/p>\n\n\n<table style=\"height: 1056px;\" width=\"762\">\n<tbody>\n<tr>\n<td width=\"331\"><strong>N\u00e1\u0159ad\u00ed\/za\u0159\u00edzen\u00ed<\/strong><\/td>\n<td width=\"64\">1-4 hod<\/td>\n<td width=\"64\">1-5 dn\u00ed<\/td>\n<td width=\"78\">z\u00e1loha<\/td>\n<\/tr>\n<tr>\n<td width=\"331\"><strong>Sekac\u00ed kladivo MAKITA HM0870C 5,1 kg, 1100W, SDS MAX, 7,6 J<\/strong><\/td>\n<td width=\"64\"><strong>295 K\u010d<\/strong><\/td>\n<td width=\"64\"><strong>490 K\u010d<\/strong><\/td>\n<td width=\"78\"><strong>5 000 K\u010d<\/strong><\/td>\n<\/tr>\n<tr>\n<td width=\"331\"><strong>Sekac\u00ed a bourac\u00ed kladivo MAKITA HM 1202C 9,3 kg, 1450W, SDS MAX, 21,3 J<\/strong><\/td>\n<td width=\"64\"><strong>295 K\u010d<\/strong><\/td>\n<td width=\"64\"><strong>490 K\u010d<\/strong><\/td>\n<td width=\"78\"><strong>6 000 K\u010d<\/strong><\/td>\n<\/tr>\n<tr>\n<td width=\"331\"><strong>Vrtac\u00ed a sekac\u00ed kladivo MAKITA HR 4000C, 6,3 kg, 800W, SDS MAX, 8,5 J<\/strong><\/td>\n<td width=\"64\"><strong>295 K\u010d<\/strong><\/td>\n<td width=\"64\"><strong>490 K\u010d<\/strong><\/td>\n<td width=\"78\"><strong>6 000 K\u010d<\/strong><\/td>\n<\/tr>\n<tr>\n<td width=\"331\"><strong>Vrtac\u00ed kladivo MAKITA HR 2470 2,9 kg, 800W, SDS+, 2,4 J<\/strong><\/td>\n<td width=\"64\"><strong>150 K\u010d<\/strong><\/td>\n<td width=\"64\"><strong>290 K\u010d<\/strong><\/td>\n<td width=\"78\"><strong>2 000 K\u010d<\/strong><\/td>\n<\/tr>\n<tr>\n<td width=\"331\"><strong>sek\u00e1\u010de + vrt\u00e1ky dle nab\u00eddky<\/strong><\/td>\n<td width=\"64\">\u00a0<\/td>\n<td width=\"64\">\u00a0<\/td>\n<td width=\"78\">\u00a0<\/td>\n<\/tr>\n<tr>\n<td width=\"331\">\n<h6><strong><span style=\"color: #993300;\">Dr\u00e1\u017ekovac\u00ed fr\u00e9za IMPEX ST67 do zdiva<\/span><\/strong><\/h6>\n<p><strong><span style=\"color: #000000;\">Velmi rychl\u00e9 dr\u00e1\u017ekov\u00e1n\u00ed bez vylamov\u00e1n\u00ed st\u0159edn\u00ed \u010d\u00e1sti. \u0160\u00ed\u0159ka dr\u00e1\u017eky 17-30 mm, max hloubka cca 25 mm. Fr\u00e9za m\u00e1 speci\u00e1ln\u011b ulo\u017eenou fr\u00e9zovac\u00ed h\u0159\u00eddel pod \u00fahlem 20\u00b0, co\u017e vytvo\u0159\u00ed dr\u00e1\u017eku ve kter\u00e9 kabely nebo potrub\u00ed samovoln\u011b dr\u017e\u00ed bez dal\u0161\u00edho zaji\u0161t\u011bn\u00ed. Pou\u017eit\u00ed v cihle, Ytongu, porotonu, atd.<\/span><\/strong><\/p>\n<\/td>\n<td width=\"64\"><strong>\u00a0295 K\u010d<\/strong><\/td>\n<td width=\"64\"><strong>490 K\u010d<\/strong><\/td>\n<td width=\"78\"><strong>4 000 K\u010d<\/strong><\/td>\n<\/tr>\n<tr>\n<td width=\"331\"><strong>\u00dahlov\u00e1 bruska 125mm\u00a0&#8211;\u00a0MAKITA 9565H<\/strong><\/td>\n<td width=\"64\"><strong>190 K\u010d<\/strong><\/td>\n<td width=\"64\"><strong>190 K\u010d<\/strong><\/td>\n<td width=\"78\"><strong>2 000 K\u010d<\/strong><\/td>\n<\/tr>\n<tr>\n<td width=\"331\">\u00a0<\/td>\n<td width=\"64\">\u00a0<\/td>\n<td width=\"64\">\u00a0<\/td>\n<td width=\"78\">\u00a0<\/td>\n<\/tr>\n<tr>\n<td width=\"331\"><strong>Aku pila ocaska\u00a0&#8211;\u00a0MAKITA DJR360Z295<\/strong><\/td>\n<td width=\"64\"><strong>150 K\u010d<\/strong><\/td>\n<td width=\"64\"><strong>250 K\u010d<\/strong><\/td>\n<td width=\"78\"><strong>1 000 K\u010d<\/strong><\/td>\n<\/tr>\n<tr>\n<td width=\"331\"><strong>AKU vrta\u010dka MAKITA DDF482 36\/62 Nm<\/strong><\/td>\n<td width=\"64\"><strong>150 K\u010d<\/strong><\/td>\n<td width=\"64\"><strong>250 K\u010d<\/strong><\/td>\n<td width=\"78\"><strong>1 000 K\u010d<\/strong><\/td>\n<\/tr>\n<tr>\n<td width=\"331\"><strong>Aku r\u00e1zov\u00fd utahov\u00e1k\u00a0&#8211;\u00a0MAKITA DT1000<\/strong><\/td>\n<td width=\"64\"><strong>235 K\u010d<\/strong><\/td>\n<td width=\"64\"><strong>390 K\u010d<\/strong><\/td>\n<td width=\"78\"><strong>5 000 K\u010d<\/strong><\/td>\n<\/tr>\n<tr>\n<td width=\"331\"><strong>Aku pila ocaska\u00a0&#8211;\u00a0MAKITA DJR360Z<\/strong><\/td>\n<td width=\"64\"><strong>295 K\u010d<\/strong><\/td>\n<td width=\"64\"><strong>490 K\u010d<\/strong><\/td>\n<td width=\"78\"><strong>2 000 K\u010d<\/strong><\/td>\n<\/tr>\n<tr>\n<td width=\"331\"><strong>Aku vrta\u010dka MAKITA DHP458Z\u00a0 s p\u0159\u00edklepem<\/strong><\/td>\n<td width=\"64\"><strong>150 K\u010d<\/strong><\/td>\n<td width=\"64\"><strong>290 K\u010d<\/strong><\/td>\n<td width=\"78\"><strong>2 000 K\u010d<\/strong><\/td>\n<\/tr>\n<tr>\n<td width=\"331\"><strong>AKU vrta\u010dka MAKITA DDF482Z 36\/62 Nm<\/strong><\/td>\n<td width=\"64\"><strong>150 K\u010d<\/strong><\/td>\n<td width=\"64\"><strong>250 K\u010d<\/strong><\/td>\n<td width=\"78\"><strong>2 000 K\u010d<\/strong><\/td>\n<\/tr>\n<tr>\n<td width=\"331\"><strong>AKU flexa MAKITA DGA 506Z<\/strong><\/td>\n<td width=\"64\"><strong>250 K\u010d<\/strong><\/td>\n<td width=\"64\"><strong>350 K\u010d<\/strong><\/td>\n<td width=\"78\"><strong>3 000 K\u010d<\/strong><\/td>\n<\/tr>\n<tr>\n<td width=\"331\"><strong>akumul\u00e1tory, nab\u00edje\u010dka k Aku n\u00e1\u0159ad\u00ed<\/strong><\/td>\n<td width=\"64\">\u00a0<\/td>\n<td width=\"64\">\u00a0<\/td>\n<td width=\"78\">\u00a0<\/td>\n<\/tr>\n<tr>\n<td width=\"331\">\u00a0<\/td>\n<td width=\"64\">\u00a0<\/td>\n<td width=\"64\">\u00a0<\/td>\n<td width=\"78\">\u00a0<\/td>\n<\/tr>\n<tr>\n<td width=\"331\"><strong>Polyf\u016fzn\u00ed sv\u00e1\u0159e\u010dka\u00a0&#8211;\u00a0DYTRON P- 1B<\/strong><\/td>\n<td width=\"64\"><strong>145 K\u010d<\/strong><\/td>\n<td width=\"64\"><strong>240 K\u010d<\/strong><\/td>\n<td width=\"78\"><strong>2 000 K\u010d<\/strong><\/td>\n<\/tr>\n<tr>\n<td width=\"331\"><strong>Sv\u00e1\u0159e\u010dka elektrodov\u00e1\u00a0 Invertor GAMA 166<\/strong><\/td>\n<td width=\"64\"><strong>200 K\u010d<\/strong><\/td>\n<td width=\"64\"><strong>290 K\u010d<\/strong><\/td>\n<td width=\"78\"><strong>4 000 K\u010d<\/strong><\/td>\n<\/tr>\n<tr>\n<td width=\"331\"><strong>\u0160t\u00edpa\u010dka Proteco 12t, 400 V 51.06-SV-4000<\/strong><\/td>\n<td width=\"64\"><strong>500 K\u010d<\/strong><\/td>\n<td width=\"64\"><strong>450 K\u010d<\/strong><\/td>\n<td width=\"78\"><strong>10 000 K\u010d<\/strong><\/td>\n<\/tr>\n<tr>\n<td width=\"331\">\u00a0<\/td>\n<td width=\"64\">\u00a0<\/td>\n<td width=\"64\">\u00a0<\/td>\n<td width=\"78\">\u00a0<\/td>\n<\/tr>\n<tr>\n<td width=\"331\">\u00a0<\/td>\n<td width=\"64\">\u00a0<\/td>\n<td width=\"64\">\u00a0<\/td>\n<td width=\"78\">\u00a0<\/td>\n<\/tr>\n<tr>\n<td width=\"331\"><strong>K\u0159\u00ed\u017eov\u00fd Laser Bosch s p\u0159ij\u00edma\u010dem GLL 3-80<\/strong><\/td>\n<td width=\"64\"><strong>200 K\u010d<\/strong><\/td>\n<td width=\"64\"><strong>290 K\u010d<\/strong><\/td>\n<td width=\"78\"><strong>5 000 K\u010d<\/strong><\/td>\n<\/tr>\n<tr>\n<td width=\"331\"><strong>Optick\u00fd nivela\u010dn\u00ed p\u0159\u00edstroj\u00a0&#8211;\u00a0BOSCH GOL 32 D<\/strong><\/td>\n<td width=\"64\"><strong>200 K\u010d<\/strong><\/td>\n<td width=\"64\"><strong>290 K\u010d<\/strong><\/td>\n<td width=\"78\"><strong>5 000 K\u010d<\/strong><\/td>\n<\/tr>\n<tr>\n<td width=\"331\"><strong>M\u011b\u0159\u00edc\u00ed p\u0159\u00edstroj &#8211; Luxmetr<\/strong><\/td>\n<td width=\"64\"><strong>150 K\u010d<\/strong><\/td>\n<td width=\"64\"><strong>250 K\u010d<\/strong><\/td>\n<td width=\"78\"><strong>1 000 K\u010d<\/strong><\/td>\n<\/tr>\n<tr>\n<td width=\"331\"><strong>M\u011b\u0159\u00edc\u00ed p\u0159\u00edstroj &#8211; Izola\u010dn\u00ed odpory<\/strong><\/td>\n<td width=\"64\"><strong>150 K\u010d<\/strong><\/td>\n<td width=\"64\"><strong>250 K\u010d<\/strong><\/td>\n<td width=\"78\"><strong>1 000 K\u010d<\/strong><\/td>\n<\/tr>\n<tr>\n<td width=\"331\"><strong>M\u011b\u0159\u00edc\u00ed p\u0159\u00edstroj &#8211; Zem\u00ed odpory<\/strong><\/td>\n<td width=\"64\"><strong>150 K\u010d<\/strong><\/td>\n<td width=\"64\"><strong>250 K\u010d<\/strong><\/td>\n<td width=\"78\"><strong>1 000 K\u010d<\/strong><\/td>\n<\/tr>\n<tr>\n<td width=\"331\"><strong>M\u011b\u0159\u00edc\u00ed p\u0159\u00edstroj &#8211; Kle\u0161\u0165ov\u00fd amp\u00e9rmetr<\/strong><\/td>\n<td width=\"64\"><strong>150 K\u010d<\/strong><\/td>\n<td width=\"64\"><strong>250 K\u010d<\/strong><\/td>\n<td width=\"78\"><strong>1 000 K\u010d<\/strong><\/td>\n<\/tr>\n<tr>\n<td width=\"331\">\u00a0<\/td>\n<td width=\"64\">\u00a0<\/td>\n<td width=\"64\">\u00a0<\/td>\n<td width=\"78\">\u00a0<\/td>\n<\/tr>\n<\/tbody>\n<\/table>\n\n\n<figure class=\"wp-block-image\"><img alt=\"\"\/><\/figure>\n\n\n\n<figure class=\"wp-block-table\"><table><tbody><tr><td>N\u00e1\u0159ad\u00ed je pr\u016fb\u011b\u017en\u011b aktualizov\u00e1no. Zadejte dotaz, jak\u00e9 pot\u0159ebujete.<br>Ceny jsou orienta\u010dn\u00ed, dle dohody.<\/td><\/tr><tr><td><\/td><\/tr><\/tbody><\/table><\/figure>\n","protected":false},"excerpt":{"rendered":"<p>Nab\u00edz\u00edme k&nbsp;zap\u016fj\u010den\u00ed \u0161irok\u00fd v\u00fdb\u011br nejr\u016fzn\u011bj\u0161\u00edho profesion\u00e1ln\u00edho n\u00e1\u0159ad\u00ed N\u00e1\u0159ad\u00ed\/za\u0159\u00edzen\u00ed 1-4 hod 1-5 dn\u00ed z\u00e1loha Sekac\u00ed kladivo MAKITA HM0870C 5,1 kg, 1100W,<\/p>\n","protected":false},"author":1,"featured_media":0,"parent":0,"menu_order":0,"comment_status":"closed","ping_status":"closed","template":"","meta":[],"_links":{"self":[{"href":"http:\/\/kubik-elektro.cz\/domains\/kubik-elektro.cz\/wp-json\/wp\/v2\/pages\/81"}],"collection":[{"href":"http:\/\/kubik-elektro.cz\/domains\/kubik-elektro.cz\/wp-json\/wp\/v2\/pages"}],"about":[{"href":"http:\/\/kubik-elektro.cz\/domains\/kubik-elektro.cz\/wp-json\/wp\/v2\/types\/page"}],"author":[{"embeddable":true,"href":"http:\/\/kubik-elektro.cz\/domains\/kubik-elektro.cz\/wp-json\/wp\/v2\/users\/1"}],"replies":[{"embeddable":true,"href":"http:\/\/kubik-elektro.cz\/domains\/kubik-elektro.cz\/wp-json\/wp\/v2\/comments?post=81"}],"version-history":[{"count":48,"href":"http:\/\/kubik-elektro.cz\/domains\/kubik-elektro.cz\/wp-json\/wp\/v2\/pages\/81\/revisions"}],"predecessor-version":[{"id":683,"href":"http:\/\/kubik-elektro.cz\/domains\/kubik-elektro.cz\/wp-json\/wp\/v2\/pages\/81\/revisions\/683"}],"wp:attachment":[{"href":"http:\/\/kubik-elektro.cz\/domains\/kubik-elektro.cz\/wp-json\/wp\/v2\/media?parent=81"}],"curies":[{"name":"wp","href":"https:\/\/api.w.org\/{rel}","templated":true}]}}